{"id":2,"date":"2024-12-02T14:17:43","date_gmt":"2024-12-02T13:17:43","guid":{"rendered":"http:\/\/jllsas.fr\/?page_id=2"},"modified":"2025-02-12T05:35:39","modified_gmt":"2025-02-12T04:35:39","slug":"page-d-exemple","status":"publish","type":"page","link":"https:\/\/jllsas.fr\/index.php\/page-d-exemple\/","title":{"rendered":"JLL sas"},"content":{"rendered":"\n<blockquote class=\"wp-block-quote is-layout-flow wp-block-quote-is-layout-flow\">\n<p>Bonjour&nbsp;! <\/p>\n\n\n\n<p>Cette soci\u00e9t\u00e9 m\u00e8re est le lieu de centralisation des d\u00e9cisions de plusieurs entreprises \u0153uvrant dans des domaines et des march\u00e9s diff\u00e9rents.<\/p>\n\n\n\n<p>Du second \u0153uvre dans le b\u00e2timent, du nettoyage sp\u00e9cialis\u00e9 en passant par la distribution de bien d&#8217;\u00e9quipement de la personne, JLLSAS est l&#8217;espace strat\u00e9gique du d\u00e9veloppement serein et perein de ses filles.<\/p>\n\n\n\n<p>Cr\u00e9e fin 2024, elle contient nombre de comp\u00e9tences n\u00e9cessaires \u00e0 l&#8217;optimisation des r\u00e9sultats des entreprises qu&#8217;elle d\u00e9tient en son sein.<\/p>\n\n\n\n<p>Forte de plus de 80 ann\u00e9es d&#8217;exp\u00e9riences professionnelles dans toutes ses activit\u00e9s c&#8217;est l&#8217;expertise partag\u00e9 avec ses collaborateurs dans l&#8217;int\u00e9r\u00eat commun.<\/p>\n\n\n\n<p>Les perspectives de d\u00e9veloppement sont nombreuses et le renforcement de son portefeuille via l&#8217;acquisition de bien immobilier laisse entrevoir de belles perspectives de croissance.<\/p>\n\n\n\n<p>Plus de 80 ann\u00e9es d&#8217;exp\u00e9riences professionnelles au service d&#8217;un objectif, soutenir et supporter les entreprises dans un environnement rassurant et dynamique<\/p>\n\n\n\n<p><\/p>\n<\/blockquote>\n","protected":false},"excerpt":{"rendered":"<p>Bonjour&nbsp;! Cette soci\u00e9t\u00e9 m\u00e8re est le lieu de centralisation des d\u00e9cisions de plusieurs entreprises \u0153uvrant dans des domaines et des march\u00e9s diff\u00e9rents. Du second \u0153uvre dans le b\u00e2timent, du nettoyage sp\u00e9cialis\u00e9 en passant par la distribution de bien d&#8217;\u00e9quipement de la personne, JLLSAS est l&#8217;espace strat\u00e9gique du d\u00e9veloppement serein et perein de ses filles. Cr\u00e9e [&hellip;]<\/p>\n","protected":false},"author":1,"featured_media":10,"parent":0,"menu_order":0,"comment_status":"closed","ping_status":"open","template":"","meta":{"footnotes":""},"class_list":["post-2","page","type-page","status-publish","has-post-thumbnail","hentry"],"_links":{"self":[{"href":"https:\/\/jllsas.fr\/index.php\/wp-json\/wp\/v2\/pages\/2","targetHints":{"allow":["GET"]}}],"collection":[{"href":"https:\/\/jllsas.fr\/index.php\/wp-json\/wp\/v2\/pages"}],"about":[{"href":"https:\/\/jllsas.fr\/index.php\/wp-json\/wp\/v2\/types\/page"}],"author":[{"embeddable":true,"href":"https:\/\/jllsas.fr\/index.php\/wp-json\/wp\/v2\/users\/1"}],"replies":[{"embeddable":true,"href":"https:\/\/jllsas.fr\/index.php\/wp-json\/wp\/v2\/comments?post=2"}],"version-history":[{"count":2,"href":"https:\/\/jllsas.fr\/index.php\/wp-json\/wp\/v2\/pages\/2\/revisions"}],"predecessor-version":[{"id":22,"href":"https:\/\/jllsas.fr\/index.php\/wp-json\/wp\/v2\/pages\/2\/revisions\/22"}],"wp:featuredmedia":[{"embeddable":true,"href":"https:\/\/jllsas.fr\/index.php\/wp-json\/wp\/v2\/media\/10"}],"wp:attachment":[{"href":"https:\/\/jllsas.fr\/index.php\/wp-json\/wp\/v2\/media?parent=2"}],"curies":[{"name":"wp","href":"https:\/\/api.w.org\/{rel}","templated":true}]}}